{"id":1552,"date":"2025-02-06T22:08:19","date_gmt":"2025-02-07T03:08:19","guid":{"rendered":"https:\/\/laregionnoticia.com\/home\/"},"modified":"2025-02-09T23:13:32","modified_gmt":"2025-02-10T04:13:32","slug":"home","status":"publish","type":"page","link":"https:\/\/laregionnoticia.com\/","title":{"rendered":"Deportes"},"content":{"rendered":"<div class=\"pt-cv-wrapper\"><div class=\"pt-cv-view pt-cv-grid pt-cv-colsys\" id=\"pt-cv-view-f328e50cuz\"><div data-id=\"pt-cv-page-1\" class=\"pt-cv-page\" data-cvc=\"3\"><div class=\"col-md-4 col-sm-12 col-xs-12 pt-cv-content-item pt-cv-1-col\" ><div class='pt-cv-ifield'><a href=\"https:\/\/laregionnoticia.com\/?p=3621\" class=\"_self pt-cv-href-thumbnail pt-cv-thumb-default\" target=\"_self\" ><img loading=\"lazy\" decoding=\"async\" width=\"300\" height=\"169\" src=\"https:\/\/laregionnoticia.com\/wp-content\/uploads\/2026\/04\/millos-suda-300x169.jpg\" class=\"pt-cv-thumbnail\" alt=\"\" srcset=\"https:\/\/laregionnoticia.com\/wp-content\/uploads\/2026\/04\/millos-suda-300x169.jpg 300w, https:\/\/laregionnoticia.com\/wp-content\/uploads\/2026\/04\/millos-suda.jpg 644w\" sizes=\"auto, (max-width: 300px) 100vw, 300px\" \/><\/a>\n<div class=\"pt-cv-taxoterm above_title\"><a href='https:\/\/laregionnoticia.com\/?cat=5' title='Deportes' class='pt-cv-tax-deportes'>Deportes<\/a><\/div>\n<h4 class=\"pt-cv-title\"><a href=\"https:\/\/laregionnoticia.com\/?p=3621\" class=\"_self\" target=\"_self\" >\ud83c\udde8\ud83c\uddf4\u26bd Millonarios vence a Boston River en un partido de desgaste y paciencia en la Copa Sudamericana<\/a><\/h4>\n<div class=\"pt-cv-content\">Por : Briam Rubio El equipo colombiano impuso su ritmo ante un rival cerrado y encontr\u00f3 el gol tras insistir ...<br \/><div class=\"pt-cv-rmwrap\"><a href=\"https:\/\/laregionnoticia.com\/?p=3621\" class=\"_self pt-cv-readmore btn btn-success\" target=\"_self\">Leer M\u00e1s<\/a><\/div><\/div><\/div><\/div>\n<div class=\"col-md-4 col-sm-12 col-xs-12 pt-cv-content-item pt-cv-1-col\" ><div class='pt-cv-ifield'><a href=\"https:\/\/laregionnoticia.com\/?p=3601\" class=\"_self pt-cv-href-thumbnail pt-cv-thumb-default\" target=\"_self\" ><img loading=\"lazy\" decoding=\"async\" width=\"300\" height=\"209\" src=\"https:\/\/laregionnoticia.com\/wp-content\/uploads\/2026\/04\/bayer-1-300x209.jpg\" class=\"pt-cv-thumbnail\" alt=\"\" srcset=\"https:\/\/laregionnoticia.com\/wp-content\/uploads\/2026\/04\/bayer-1-300x209.jpg 300w, https:\/\/laregionnoticia.com\/wp-content\/uploads\/2026\/04\/bayer-1-1024x713.jpg 1024w, https:\/\/laregionnoticia.com\/wp-content\/uploads\/2026\/04\/bayer-1-768x534.jpg 768w, https:\/\/laregionnoticia.com\/wp-content\/uploads\/2026\/04\/bayer-1.jpg 1230w\" sizes=\"auto, (max-width: 300px) 100vw, 300px\" \/><\/a>\n<div class=\"pt-cv-taxoterm above_title\"><a href='https:\/\/laregionnoticia.com\/?cat=5' title='Deportes' class='pt-cv-tax-deportes'>Deportes<\/a><\/div>\n<h4 class=\"pt-cv-title\"><a href=\"https:\/\/laregionnoticia.com\/?p=3601\" class=\"_self\" target=\"_self\" >\ud83c\udde9\ud83c\uddea\ud83c\uddea\ud83c\uddf8 El momento de Luis D\u00edaz: el gol que defini\u00f3 la eliminatoria y sell\u00f3 la ca\u00edda del Real Madrid<\/a><\/h4>\n<div class=\"pt-cv-content\">Por: EL MATHIUS Un partido ca\u00f3tico, intenso y decidido en los minutos finales deja fuera al gigante europeo y confirma ...<br \/><div class=\"pt-cv-rmwrap\"><a href=\"https:\/\/laregionnoticia.com\/?p=3601\" class=\"_self pt-cv-readmore btn btn-success\" target=\"_self\">Leer M\u00e1s<\/a><\/div><\/div><\/div><\/div>\n<div class=\"col-md-4 col-sm-12 col-xs-12 pt-cv-content-item pt-cv-1-col\" ><div class='pt-cv-ifield'><a href=\"https:\/\/laregionnoticia.com\/?p=3593\" class=\"_self pt-cv-href-thumbnail pt-cv-thumb-default\" target=\"_self\" ><img loading=\"lazy\" decoding=\"async\" width=\"300\" height=\"169\" src=\"https:\/\/laregionnoticia.com\/wp-content\/uploads\/2026\/04\/nacio-tol-300x169.jpg\" class=\"pt-cv-thumbnail\" alt=\"\" srcset=\"https:\/\/laregionnoticia.com\/wp-content\/uploads\/2026\/04\/nacio-tol-300x169.jpg 300w, https:\/\/laregionnoticia.com\/wp-content\/uploads\/2026\/04\/nacio-tol.jpg 680w\" sizes=\"auto, (max-width: 300px) 100vw, 300px\" \/><\/a>\n<div class=\"pt-cv-taxoterm above_title\"><a href='https:\/\/laregionnoticia.com\/?cat=5' title='Deportes' class='pt-cv-tax-deportes'>Deportes<\/a><\/div>\n<h4 class=\"pt-cv-title\"><a href=\"https:\/\/laregionnoticia.com\/?p=3593\" class=\"_self\" target=\"_self\" >\ud83c\uddfa\ud83c\uddfe\ud83c\udde8\ud83c\uddf4 Nacional golpea a Tolima en Montevideo y expone las brechas competitivas en la Copa Libertadores<\/a><\/h4>\n<div class=\"pt-cv-content\">Por: EL MATHIUS El equipo colombiano cay\u00f3 3-1 ante un rival que supo castigar sus errores en el segundo tiempo ...<br \/><div class=\"pt-cv-rmwrap\"><a href=\"https:\/\/laregionnoticia.com\/?p=3593\" class=\"_self pt-cv-readmore btn btn-success\" target=\"_self\">Leer M\u00e1s<\/a><\/div><\/div><\/div><\/div><\/div><\/div><\/div>\n","protected":false},"excerpt":{"rendered":"","protected":false},"author":1,"featured_media":0,"parent":0,"menu_order":0,"comment_status":"closed","ping_status":"closed","template":"","meta":{"footnotes":""},"class_list":["post-1552","page","type-page","status-publish","hentry"],"yoast_head":"<!-- This site is optimized with the Yoast SEO plugin v24.9 - https:\/\/yoast.com\/wordpress\/plugins\/seo\/ -->\n<title>Deportes - La Regi\u00f3n Noticia<\/title>\n<meta name=\"robots\" content=\"index, follow, max-snippet:-1, max-image-preview:large, max-video-preview:-1\" \/>\n<link rel=\"canonical\" href=\"https:\/\/laregionnoticia.com\/\" \/>\n<meta property=\"og:locale\" content=\"es_ES\" \/>\n<meta property=\"og:type\" content=\"article\" \/>\n<meta property=\"og:title\" content=\"Deportes - La Regi\u00f3n Noticia\" \/>\n<meta property=\"og:url\" content=\"https:\/\/laregionnoticia.com\/\" \/>\n<meta property=\"og:site_name\" content=\"La Regi\u00f3n Noticia\" \/>\n<meta property=\"article:publisher\" content=\"https:\/\/www.facebook.com\/profile.php?id=61566329187948&amp;mibextid=ZbWKwL\" \/>\n<meta property=\"article:modified_time\" content=\"2025-02-10T04:13:32+00:00\" \/>\n<meta name=\"twitter:card\" content=\"summary_large_image\" \/>\n<script type=\"application\/ld+json\" class=\"yoast-schema-graph\">{\"@context\":\"https:\/\/schema.org\",\"@graph\":[{\"@type\":\"WebPage\",\"@id\":\"https:\/\/laregionnoticia.com\/\",\"url\":\"https:\/\/laregionnoticia.com\/\",\"name\":\"Deportes - La Regi\u00f3n Noticia\",\"isPartOf\":{\"@id\":\"https:\/\/laregionnoticia.com\/#website\"},\"datePublished\":\"2025-02-07T03:08:19+00:00\",\"dateModified\":\"2025-02-10T04:13:32+00:00\",\"breadcrumb\":{\"@id\":\"https:\/\/laregionnoticia.com\/#breadcrumb\"},\"inLanguage\":\"es-CO\",\"potentialAction\":[{\"@type\":\"ReadAction\",\"target\":[\"https:\/\/laregionnoticia.com\/\"]}]},{\"@type\":\"BreadcrumbList\",\"@id\":\"https:\/\/laregionnoticia.com\/#breadcrumb\",\"itemListElement\":[{\"@type\":\"ListItem\",\"position\":1,\"name\":\"Inicio\",\"item\":\"https:\/\/laregionnoticia.com\/\"},{\"@type\":\"ListItem\",\"position\":2,\"name\":\"Deportes\"}]},{\"@type\":\"WebSite\",\"@id\":\"https:\/\/laregionnoticia.com\/#website\",\"url\":\"https:\/\/laregionnoticia.com\/\",\"name\":\"La Regi\u00f3n Noticia\",\"description\":\"Porque nuestro compromiso es la informaci\u00f3n veraz y oportuna\",\"publisher\":{\"@id\":\"https:\/\/laregionnoticia.com\/#organization\"},\"potentialAction\":[{\"@type\":\"SearchAction\",\"target\":{\"@type\":\"EntryPoint\",\"urlTemplate\":\"https:\/\/laregionnoticia.com\/?s={search_term_string}\"},\"query-input\":{\"@type\":\"PropertyValueSpecification\",\"valueRequired\":true,\"valueName\":\"search_term_string\"}}],\"inLanguage\":\"es-CO\"},{\"@type\":\"Organization\",\"@id\":\"https:\/\/laregionnoticia.com\/#organization\",\"name\":\"La Regi\u00f3n Noticia\",\"url\":\"https:\/\/laregionnoticia.com\/\",\"logo\":{\"@type\":\"ImageObject\",\"inLanguage\":\"es-CO\",\"@id\":\"https:\/\/laregionnoticia.com\/#\/schema\/logo\/image\/\",\"url\":\"https:\/\/laregionnoticia.com\/wp-content\/uploads\/2024\/11\/La-Region-Noticias-1.jpg\",\"contentUrl\":\"https:\/\/laregionnoticia.com\/wp-content\/uploads\/2024\/11\/La-Region-Noticias-1.jpg\",\"width\":1024,\"height\":1024,\"caption\":\"La Regi\u00f3n Noticia\"},\"image\":{\"@id\":\"https:\/\/laregionnoticia.com\/#\/schema\/logo\/image\/\"},\"sameAs\":[\"https:\/\/www.facebook.com\/profile.php?id=61566329187948&mibextid=ZbWKwL\"]}]}<\/script>\n<!-- \/ Yoast SEO plugin. -->","yoast_head_json":{"title":"Deportes - La Regi\u00f3n Noticia","robots":{"index":"index","follow":"follow","max-snippet":"max-snippet:-1","max-image-preview":"max-image-preview:large","max-video-preview":"max-video-preview:-1"},"canonical":"https:\/\/laregionnoticia.com\/","og_locale":"es_ES","og_type":"article","og_title":"Deportes - La Regi\u00f3n Noticia","og_url":"https:\/\/laregionnoticia.com\/","og_site_name":"La Regi\u00f3n Noticia","article_publisher":"https:\/\/www.facebook.com\/profile.php?id=61566329187948&mibextid=ZbWKwL","article_modified_time":"2025-02-10T04:13:32+00:00","twitter_card":"summary_large_image","schema":{"@context":"https:\/\/schema.org","@graph":[{"@type":"WebPage","@id":"https:\/\/laregionnoticia.com\/","url":"https:\/\/laregionnoticia.com\/","name":"Deportes - La Regi\u00f3n Noticia","isPartOf":{"@id":"https:\/\/laregionnoticia.com\/#website"},"datePublished":"2025-02-07T03:08:19+00:00","dateModified":"2025-02-10T04:13:32+00:00","breadcrumb":{"@id":"https:\/\/laregionnoticia.com\/#breadcrumb"},"inLanguage":"es-CO","potentialAction":[{"@type":"ReadAction","target":["https:\/\/laregionnoticia.com\/"]}]},{"@type":"BreadcrumbList","@id":"https:\/\/laregionnoticia.com\/#breadcrumb","itemListElement":[{"@type":"ListItem","position":1,"name":"Inicio","item":"https:\/\/laregionnoticia.com\/"},{"@type":"ListItem","position":2,"name":"Deportes"}]},{"@type":"WebSite","@id":"https:\/\/laregionnoticia.com\/#website","url":"https:\/\/laregionnoticia.com\/","name":"La Regi\u00f3n Noticia","description":"Porque nuestro compromiso es la informaci\u00f3n veraz y oportuna","publisher":{"@id":"https:\/\/laregionnoticia.com\/#organization"},"potentialAction":[{"@type":"SearchAction","target":{"@type":"EntryPoint","urlTemplate":"https:\/\/laregionnoticia.com\/?s={search_term_string}"},"query-input":{"@type":"PropertyValueSpecification","valueRequired":true,"valueName":"search_term_string"}}],"inLanguage":"es-CO"},{"@type":"Organization","@id":"https:\/\/laregionnoticia.com\/#organization","name":"La Regi\u00f3n Noticia","url":"https:\/\/laregionnoticia.com\/","logo":{"@type":"ImageObject","inLanguage":"es-CO","@id":"https:\/\/laregionnoticia.com\/#\/schema\/logo\/image\/","url":"https:\/\/laregionnoticia.com\/wp-content\/uploads\/2024\/11\/La-Region-Noticias-1.jpg","contentUrl":"https:\/\/laregionnoticia.com\/wp-content\/uploads\/2024\/11\/La-Region-Noticias-1.jpg","width":1024,"height":1024,"caption":"La Regi\u00f3n Noticia"},"image":{"@id":"https:\/\/laregionnoticia.com\/#\/schema\/logo\/image\/"},"sameAs":["https:\/\/www.facebook.com\/profile.php?id=61566329187948&mibextid=ZbWKwL"]}]}},"_links":{"self":[{"href":"https:\/\/laregionnoticia.com\/index.php?rest_route=\/wp\/v2\/pages\/1552","targetHints":{"allow":["GET"]}}],"collection":[{"href":"https:\/\/laregionnoticia.com\/index.php?rest_route=\/wp\/v2\/pages"}],"about":[{"href":"https:\/\/laregionnoticia.com\/index.php?rest_route=\/wp\/v2\/types\/page"}],"author":[{"embeddable":true,"href":"https:\/\/laregionnoticia.com\/index.php?rest_route=\/wp\/v2\/users\/1"}],"replies":[{"embeddable":true,"href":"https:\/\/laregionnoticia.com\/index.php?rest_route=%2Fwp%2Fv2%2Fcomments&post=1552"}],"version-history":[{"count":3,"href":"https:\/\/laregionnoticia.com\/index.php?rest_route=\/wp\/v2\/pages\/1552\/revisions"}],"predecessor-version":[{"id":1614,"href":"https:\/\/laregionnoticia.com\/index.php?rest_route=\/wp\/v2\/pages\/1552\/revisions\/1614"}],"wp:attachment":[{"href":"https:\/\/laregionnoticia.com\/index.php?rest_route=%2Fwp%2Fv2%2Fmedia&parent=1552"}],"curies":[{"name":"wp","href":"https:\/\/api.w.org\/{rel}","templated":true}]}}